{"id":7,"date":"2016-10-05T05:36:12","date_gmt":"2016-10-05T05:36:12","guid":{"rendered":"http:\/\/localhost\/flash\/?page_id=4"},"modified":"2020-09-24T09:54:18","modified_gmt":"2020-09-24T06:54:18","slug":"home","status":"publish","type":"page","link":"https:\/\/cyd.com.tr\/","title":{"rendered":"Home"},"content":{"rendered":"<div id=\"pl-7\"  class=\"panel-layout\" ><div id=\"pg-7-0\"  class=\"panel-grid panel-has-style\" ><div class=\"siteorigin-panels-stretch panel-row-style panel-row-style-for-7-0\" data-stretch-type=\"full-stretched\" ><div id=\"pgc-7-0-0\"  class=\"panel-grid-cell\" ><div id=\"panel-7-0-0-0\" class=\"so-panel widget widget_themegrill_flash_slider tg-section tg-slider-widget panel-first-child panel-last-child\" data-index=\"0\" ><div class=\"tg-slider-widget slider-dark slider-content-left slider-control-center full-width\">\n\t<div class=\"swiper-container\">\n\t\t<div class=\"swiper-wrapper\">\n\t\t\t\n\t\t\t\t\t<div class=\"swiper-slide\">\n\t\t\t\t\t\t<figure class=\"slider-image\" >\n\t\t\t\t\t\t\t<img width=\"1600\" height=\"475\"\t\t\t\t\t\t\t\t\tsrc=\"https:\/\/cyd.com.tr\/wp-content\/uploads\/2020\/09\/111milli-tohum-huseyinbey-ile-bugday-verim-rekoru-kirildi_b962ac5-1200x675-1.jpg\"\n\t\t\t\t\t\t\t\t\talt=\"Milli ve Yerli Tohumlar\u0131m\u0131z \u0130le Hizmetinizdeyiz.\"\n\t\t\t\t\t\t\t\t\ttitle=\"Milli ve Yerli Tohumlar\u0131m\u0131z \u0130le Hizmetinizdeyiz.\"\/>\n\t\t\t\t\t\t\t<div class=\"overlay\"><\/div>\n\t\t\t\t\t\t<\/figure>\n\t\t\t\t\t\t<div class=\"slider-content\">\n\t\t\t\t\t\t\t<div class=\"tg-container\">\n\t\t\t\t\t\t\t\t<div class=\"caption-title\">Milli ve Yerli Tohumlar\u0131m\u0131z \u0130le Hizmetinizdeyiz.<\/div>\n\t\t\t\t\t\t\t\t<div class=\"caption-desc\"><\/div>\n\t\t\t\t\t\t\t\t\t\t\t\t\t\t\t\t\t<div class=\"btn-wrapper\">\n\t\t\t\t\t\t\t\t\t\t<a href=\"https:\/\/cyd.com.tr\/?page_id=137\">Hakk\u0131m\u0131zda<\/a>\n\t\t\t\t\t\t\t\t\t<\/div>\n\t\t\t\t\t\t\t\t\t\t\t\t\t\t\t<\/div>\n\t\t\t\t\t\t<\/div>\n\t\t\t\t\t<\/div>\n\n\t\t\t\t\t\t<\/div>\n\t\t<div class=\"swiper-pagination\"><\/div>\n\t\t<div class=\"slider-arrow\">\n\t\t\t<div class=\"swiper-button-next\"><\/div>\n\t\t\t<div class=\"swiper-button-prev\"><\/div>\n\t\t<\/div>\n\t<\/div>\n<\/div>\n<\/div><\/div><\/div><\/div><div id=\"pg-7-1\"  class=\"panel-grid panel-has-style\" ><div class=\"siteorigin-panels-stretch panel-row-style panel-row-style-for-7-1\" data-stretch-type=\"full-stretched\" ><div id=\"pgc-7-1-0\"  class=\"panel-grid-cell\" ><div id=\"panel-7-1-0-0\" class=\"so-panel widget widget_themegrill_flash_cta tg-widget call-to-action-section panel-first-child panel-last-child\" data-index=\"1\" ><div class=\"panel-widget-style panel-widget-style-for-7-1-0-0\" ><div class=\"cta-wrapper call-to-action-section-layout-1\">\n\t<div class=\"section-title-wrapper\">\n\t\t\t\t<h3 class=\"section-title\">\u00dcLKEM\u0130Z\u0130N VE \u00c7\u0130FT\u00c7\u0130LER\u0130M\u0130Z\u0130N DA\u0130MA H\u0130ZMET\u0130NDEY\u0130Z<\/h3>\n\t\t\t<\/div>\n\t<\/div>\n<\/div><\/div><\/div><\/div><\/div><div id=\"pg-7-2\"  class=\"panel-grid panel-has-style\" ><div class=\"siteorigin-panels-stretch panel-row-style panel-row-style-for-7-2\" data-stretch-type=\"full\" ><div id=\"pgc-7-2-0\"  class=\"panel-grid-cell\" ><div id=\"panel-7-2-0-0\" class=\"so-panel widget widget_themegrill_flash_heading tg-widget section-title-wrapper panel-first-child\" data-index=\"2\" >\t<h3 class=\"section-title\">Hakk\u0131m\u0131zda<\/h3>\n\t<div class=\"section-description\">Yerli ve Milli Tohumlar Geli\u015ftiriyoruz...<\/div>\n<\/div><div id=\"panel-7-2-0-1\" class=\"so-panel widget widget_themegrill_flash_about tg-widget tg-about-widget about-section panel-last-child\" data-index=\"3\" ><div class=\"tg-column-wrapper\">\n\t<div class=\"about-content-wrapper tg-column-2\">\n\t\t\t\t<h3 class=\"section-title\">CYD A\u011eAO\u011eLU<\/h3>\n\t\t\t\t\t\t<div class=\"section-description\">Tar\u0131m sekt\u00f6r\u00fcnde 24 y\u0131ld\u0131r aktif olarak faaliyet g\u00f6stermekteyiz ,firmam\u0131z 2008 y\u0131l\u0131 itibar\u0131 ile tohumculuk faaliyetine ve sertifikal\u0131 tohum \u00fcretimine ve Ar-Ge faaliyetlerine odaklanm\u0131\u015f, y\u0131llar\u0131n verdi\u011fi tecr\u00fcbe ve bilgi birikimini vizyonunu harmanlayarak, \u00fclkemiz tar\u0131m\u0131na, tohumculuk sekt\u00f6r\u00fcne farkl\u0131 bir bak\u0131\u015f a\u00e7\u0131s\u0131yla hizmet vermeyi ilke edinmi\u015ftir.<\/div>\n\t\t\t\t\t\t<div class=\"btn-wrapper\">\n\t\t\t<a class=\"about-more\" href=\"https:\/\/cyd.com.tr\/?page_id=137\">Hakk\u0131m\u0131zda<\/a>\n\t\t<\/div>\n\t\t\t<\/div>\n\t\t<figure class=\"about-section-image tg-column-2\">\n\t\t<img src=\"https:\/\/cyd.com.tr\/wp-content\/uploads\/2020\/09\/tanit.jpg\" \/>\n\t<\/figure>\n\t<\/div>\n<\/div><\/div><\/div><\/div><div id=\"pg-7-3\"  class=\"panel-grid panel-has-style\" ><div class=\"siteorigin-panels-stretch panel-row-style panel-row-style-for-7-3\" data-siteorigin-parallax=\"{&quot;backgroundUrl&quot;:&quot;https:\\\/\\\/cyd.com.tr\\\/wp-content\\\/uploads\\\/2020\\\/09\\\/1565681479303-klghklfkthl.jpg&quot;,&quot;backgroundSize&quot;:[800,450],&quot;backgroundSizing&quot;:&quot;scaled&quot;,&quot;limitMotion&quot;:&quot;auto&quot;}\" data-stretch-type=\"full-stretched\" ><div id=\"pgc-7-3-0\"  class=\"panel-grid-cell\" ><div id=\"panel-7-3-0-0\" class=\"so-panel widget widget_themegrill_flash_cta tg-widget call-to-action-section panel-first-child panel-last-child\" data-index=\"4\" ><div class=\"cta-wrapper call-to-action-section-layout-1\">\n\t<div class=\"section-title-wrapper\">\n\t\t\t\t<h3 class=\"section-title\">Her T\u00fcrl\u00fc Destek ve Talepleriniz \u0130\u00e7in Bize Ula\u015f\u0131n<\/h3>\n\t\t\t<\/div>\n\t\t<div class=\"btn-wrapper\">\n\t\t\t\t<a class=\"btn\" href=\"https:\/\/cyd.com.tr\/?page_id=124\">\u0130leti\u015fim<\/a>\n\t\t\t\t\t<\/div>\n\t<\/div>\n<\/div><\/div><\/div><\/div><div id=\"pg-7-4\"  class=\"panel-grid panel-has-style\" ><div class=\"panel-row-style panel-row-style-for-7-4\" ><div id=\"pgc-7-4-0\"  class=\"panel-grid-cell\" ><div id=\"panel-7-4-0-0\" class=\"so-panel widget widget_themegrill_flash_heading tg-widget section-title-wrapper panel-first-child panel-last-child\" data-index=\"5\" >\t<h3 class=\"section-title\">CYD A\u011eAO\u011eLU<\/h3>\n<\/div><\/div><\/div><\/div><div id=\"pg-7-5\"  class=\"panel-grid panel-has-style\" ><div class=\"siteorigin-panels-stretch panel-row-style panel-row-style-for-7-5\" data-stretch-type=\"full\" ><div id=\"pgc-7-5-0\"  class=\"panel-grid-cell\" ><div id=\"panel-7-5-0-0\" class=\"so-panel widget widget_themegrill_flash_counter tg-widget tg-single-counter panel-first-child panel-last-child\" data-index=\"6\" ><div class=\"fun-facts-section\">\n\t<div class=\"tg-fun-facts-widget tg-fun-facts-layout-1\">\n\t\t<div class=\"fun-facts-wrapper\">\n\t\t\t\t\t\t<span class=\"fun-facts-icon-wrap\"><i class=\"fa fa-history\"><\/i><\/span>\n\t\t\t\t\t\t\t\t\t<span class=\"counter-wrapper\"><span class=\"counter\">24<\/span><i class=\"fa fa-plus\"><\/i><\/span>\n\t\t\t\t\t\t\t\t\t<h3 class=\"fun-facts-title-wrap\">YIL H\u0130ZMET S\u00dcREM\u0130Z<\/h3>\n\t\t\t\t\t<\/div>\n\t<\/div>\n<\/div>\n<\/div><\/div><div id=\"pgc-7-5-1\"  class=\"panel-grid-cell\" ><div id=\"panel-7-5-1-0\" class=\"so-panel widget widget_themegrill_flash_counter tg-widget tg-single-counter panel-first-child panel-last-child\" data-index=\"7\" ><div class=\"fun-facts-section\">\n\t<div class=\"tg-fun-facts-widget tg-fun-facts-layout-1\">\n\t\t<div class=\"fun-facts-wrapper\">\n\t\t\t\t\t\t<span class=\"fun-facts-icon-wrap\"><i class=\"fa fa-yelp\"><\/i><\/span>\n\t\t\t\t\t\t\t\t\t<span class=\"counter-wrapper\"><span class=\"counter\">1500<\/span><i class=\"fa fa-plus\"><\/i><\/span>\n\t\t\t\t\t\t\t\t\t<h3 class=\"fun-facts-title-wrap\">TON \u00dcRET\u0130M<\/h3>\n\t\t\t\t\t<\/div>\n\t<\/div>\n<\/div>\n<\/div><\/div><div id=\"pgc-7-5-2\"  class=\"panel-grid-cell\" ><div id=\"panel-7-5-2-0\" class=\"so-panel widget widget_themegrill_flash_counter tg-widget tg-single-counter panel-first-child panel-last-child\" data-index=\"8\" ><div class=\"fun-facts-section\">\n\t<div class=\"tg-fun-facts-widget tg-fun-facts-layout-1\">\n\t\t<div class=\"fun-facts-wrapper\">\n\t\t\t\t\t\t<span class=\"fun-facts-icon-wrap\"><i class=\"fa fa-codepen\"><\/i><\/span>\n\t\t\t\t\t\t\t\t\t<span class=\"counter-wrapper\"><span class=\"counter\">21<\/span><i class=\"fa fa-plus\"><\/i><\/span>\n\t\t\t\t\t\t\t\t\t<h3 class=\"fun-facts-title-wrap\">Tohum \u00c7e\u015fidi<\/h3>\n\t\t\t\t\t<\/div>\n\t<\/div>\n<\/div>\n<\/div><\/div><div id=\"pgc-7-5-3\"  class=\"panel-grid-cell\" ><div id=\"panel-7-5-3-0\" class=\"so-panel widget widget_themegrill_flash_counter tg-widget tg-single-counter panel-first-child panel-last-child\" data-index=\"9\" ><div class=\"fun-facts-section\">\n\t<div class=\"tg-fun-facts-widget tg-fun-facts-layout-1\">\n\t\t<div class=\"fun-facts-wrapper\">\n\t\t\t\t\t\t<span class=\"fun-facts-icon-wrap\"><i class=\"fa fa-empire\"><\/i><\/span>\n\t\t\t\t\t\t\t\t\t<span class=\"counter-wrapper\"><span class=\"counter\">12<\/span><i class=\"fa fa-plus\"><\/i><\/span>\n\t\t\t\t\t\t\t\t\t<h3 class=\"fun-facts-title-wrap\">\u00d6d\u00fcl<\/h3>\n\t\t\t\t\t<\/div>\n\t<\/div>\n<\/div>\n<\/div><\/div><\/div><\/div><div id=\"pg-7-6\"  class=\"panel-grid panel-has-style\" ><div class=\"siteorigin-panels-stretch panel-row-style panel-row-style-for-7-6\" data-stretch-type=\"full\" ><div id=\"pgc-7-6-0\"  class=\"panel-grid-cell\" ><div id=\"panel-7-6-0-0\" class=\"so-panel widget widget_themegrill_flash_heading tg-widget section-title-wrapper panel-first-child\" data-index=\"10\" >\t<h3 class=\"section-title\">Referanslar\u0131m\u0131z<\/h3>\n<\/div><div id=\"panel-7-6-0-1\" class=\"so-panel widget widget_themegrill_flash_testimonial tg-section testimonial-section panel-last-child\" data-index=\"11\" ><div class=\"tg-testimonial-widget\">\n\t<div class=\"testimonial-container swiper-container\">\n\t\t<div class=\"testimonial-wrapper swiper-wrapper\">\n\t\t\t\t\t\t<div class=\"testimonial-slide swiper-slide\">\n\t\t\t\t<div class=\"testimonial-content-wrapper\">\n\t\t\t\t\t<div class=\"testimonial-icon\"><i class=\"fa fa-quote-left\"><\/i> <\/div>\n\t\t\t\t\t\t\t\t\t\t<div class=\"testimonial-content\">\u00d6ncelikle ilgili, g\u00fclery\u00fczl\u00fc bir firma olmas\u0131n\u0131n yan\u0131ndatohumlar\u0131n\u0131 10 y\u0131l\u0131 a\u015fk\u0131n s\u00fcredir kullan\u0131yor. Hi\u00e7bir sorunla kar\u015f\u0131la\u015fmad\u0131\u011f\u0131m tek firma ve \u00fcr\u00fcn diyebilirim. Destekleri i\u00e7in te\u015fekk\u00fcr ederim.<\/div>\n\t\t\t\t\t\t\t\t\t<\/div>\n\t\t\t\t<div class=\"testimonial-client-detail\">\n\t\t\t\t\t\t\t\t\t\t<div class=\"testimonial-img\"><img src=\"http:\/\/demo.themegrill.com\/flash-construction\/wp-content\/uploads\/sites\/90\/2016\/10\/jack.jpg\" alt=\"Ali G\u00fcm\u00fc\u015fba\u015f\" \/><\/div>\n\t\t\t\t\t\t\t\t\t\t<div class=\"client-detail-block\">\n\t\t\t\t\t\t\t\t\t\t\t\t<h3 class=\"testimonial-title\">Ali G\u00fcm\u00fc\u015fba\u015f<\/h3>\n\t\t\t\t\t\t\t\t\t\t\t\t\t\t\t\t\t\t<h4 class=\"testimonial-degicnation\">\u00c7ift\u00e7i<\/h4>\n\t\t\t\t\t\t\t\t\t\t\t<\/div>\n\t\t\t\t<\/div>\n\t\t\t<\/div>\n\t\t\t\t\t\t<div class=\"testimonial-slide swiper-slide\">\n\t\t\t\t<div class=\"testimonial-content-wrapper\">\n\t\t\t\t\t<div class=\"testimonial-icon\"><i class=\"fa fa-quote-left\"><\/i> <\/div>\n\t\t\t\t\t\t\t\t\t\t<div class=\"testimonial-content\">Firma ile bir aile gibiyiz. Tohumlar\u0131 kaliteli ve g\u00fc\u00e7l\u00fc. CYD firmas\u0131n\u0131 hem fiyat hem kalite olarak tavsiye ederim.<\/div>\n\t\t\t\t\t\t\t\t\t<\/div>\n\t\t\t\t<div class=\"testimonial-client-detail\">\n\t\t\t\t\t\t\t\t\t\t<div class=\"testimonial-img\"><img src=\"http:\/\/demo.themegrill.com\/flash-construction\/wp-content\/uploads\/sites\/90\/2016\/10\/jack.jpg\" alt=\"Seyfi Bozda\u011f\" \/><\/div>\n\t\t\t\t\t\t\t\t\t\t<div class=\"client-detail-block\">\n\t\t\t\t\t\t\t\t\t\t\t\t<h3 class=\"testimonial-title\">Seyfi Bozda\u011f<\/h3>\n\t\t\t\t\t\t\t\t\t\t\t\t\t\t\t\t\t\t<h4 class=\"testimonial-degicnation\">Designation<\/h4>\n\t\t\t\t\t\t\t\t\t\t\t<\/div>\n\t\t\t\t<\/div>\n\t\t\t<\/div>\n\t\t\t\t\t<\/div>\n\t\t<div class=\"swiper-pagination testimonial-pager\"><\/div>\n\t<\/div>\n<\/div>\n<\/div><\/div><\/div><\/div><\/div>","protected":false},"excerpt":{"rendered":"<p>Milli ve Yerli Tohumlar\u0131m\u0131z \u0130le Hizmetinizdeyiz. Hakk\u0131m\u0131zda \u00dcLKEM\u0130Z\u0130N VE \u00c7\u0130FT\u00c7\u0130LER\u0130M\u0130Z\u0130N DA\u0130MA H\u0130ZMET\u0130NDEY\u0130Z Hakk\u0131m\u0131zda Yerli ve Milli Tohumlar Geli\u015ftiriyoruz&#8230; CYD A\u011eAO\u011eLU [&hellip;]<\/p>\n","protected":false},"author":1,"featured_media":0,"parent":0,"menu_order":0,"comment_status":"closed","ping_status":"closed","template":"page-templates\/pagebuilder.php","meta":[],"_links":{"self":[{"href":"https:\/\/cyd.com.tr\/index.php?rest_route=\/wp\/v2\/pages\/7"}],"collection":[{"href":"https:\/\/cyd.com.tr\/index.php?rest_route=\/wp\/v2\/pages"}],"about":[{"href":"https:\/\/cyd.com.tr\/index.php?rest_route=\/wp\/v2\/types\/page"}],"author":[{"embeddable":true,"href":"https:\/\/cyd.com.tr\/index.php?rest_route=\/wp\/v2\/users\/1"}],"replies":[{"embeddable":true,"href":"https:\/\/cyd.com.tr\/index.php?rest_route=%2Fwp%2Fv2%2Fcomments&post=7"}],"version-history":[{"count":94,"href":"https:\/\/cyd.com.tr\/index.php?rest_route=\/wp\/v2\/pages\/7\/revisions"}],"predecessor-version":[{"id":502,"href":"https:\/\/cyd.com.tr\/index.php?rest_route=\/wp\/v2\/pages\/7\/revisions\/502"}],"wp:attachment":[{"href":"https:\/\/cyd.com.tr\/index.php?rest_route=%2Fwp%2Fv2%2Fmedia&parent=7"}],"curies":[{"name":"wp","href":"https:\/\/api.w.org\/{rel}","templated":true}]}}