{"id":124,"date":"2016-10-05T11:44:41","date_gmt":"2016-10-05T11:44:41","guid":{"rendered":"http:\/\/demo.themegrill.com\/flash-construction\/?page_id=124"},"modified":"2020-09-18T16:23:39","modified_gmt":"2020-09-18T13:23:39","slug":"contact","status":"publish","type":"page","link":"https:\/\/cyd.com.tr\/?page_id=124","title":{"rendered":"\u0130leti\u015fim"},"content":{"rendered":"<div id=\"pl-124\"  class=\"panel-layout\" ><div id=\"pg-124-0\"  class=\"panel-grid panel-no-style\" ><div id=\"pgc-124-0-0\"  class=\"panel-grid-cell\" ><div id=\"panel-124-0-0-0\" class=\"so-panel widget widget_themegrill_flash_service tg-widget tg-single-service panel-first-child\" data-index=\"0\" ><div class=\"panel-widget-style panel-widget-style-for-124-0-0-0\" >\n<div class=\"tg-service-widget tg-service-layout-2\">\n\t<div class=\"service-wrapper\">\n\t\t<div class=\"service-icon-title-wrapper clearfix\">\n\t\t\t\t\t\t<div class=\"service-icon-wrap\"><i class=\"fa fa-phone\"><\/i><\/div>\n\t\t\t\t\t\t\t\t\t\t\t\t<h3 class=\"service-title-wrap\">\n\t\t\t\tTelefon\t\t\t\t\t\t\t<\/h3>\n\t\t\t\t\t<\/div>\n\t\t\t\t<div class=\"service-content-wrap\">0(538) 558 35 99<\/div>\n\t\t\t\t\t<\/div>\n<\/div>\n<\/div><\/div><div id=\"panel-124-0-0-1\" class=\"so-panel widget widget_themegrill_flash_service tg-widget tg-single-service panel-last-child\" data-index=\"1\" ><div class=\"panel-widget-style panel-widget-style-for-124-0-0-1\" >\n<div class=\"tg-service-widget tg-service-layout-2\">\n\t<div class=\"service-wrapper\">\n\t\t<div class=\"service-icon-title-wrapper clearfix\">\n\t\t\t\t\t\t<div class=\"service-icon-wrap\"><i class=\"fa fa-envelope-o\"><\/i><\/div>\n\t\t\t\t\t\t\t\t\t\t\t\t<h3 class=\"service-title-wrap\">\n\t\t\t\tE-mail\t\t\t\t\t\t\t<\/h3>\n\t\t\t\t\t<\/div>\n\t\t\t\t<div class=\"service-content-wrap\">info@cyd.com.tr<\/div>\n\t\t\t\t\t<\/div>\n<\/div>\n<\/div><\/div><\/div><div id=\"pgc-124-0-1\"  class=\"panel-grid-cell\" ><div id=\"panel-124-0-1-0\" class=\"widget_text so-panel widget widget_custom_html panel-first-child\" data-index=\"2\" ><div class=\"textwidget custom-html-widget\"><iframe src=\"https:\/\/www.google.com\/maps\/embed?pb=!1m18!1m12!1m3!1d1581.2686122438906!2d36.92027895811729!3d37.56596552100888!2m3!1f0!2f0!3f0!3m2!1i1024!2i768!4f13.1!3m3!1m2!1s0x152dddb0869fff43%3A0xb9ffef1583076b7b!2zS2FocmFtYW5tYXJhxZ8sIMWeYXppIEJleSwgNDYwNDAgT25pa2nFn3ViYXQvS2FocmFtYW5tYXJhxZ8!5e0!3m2!1str!2str!4v1600434495969!5m2!1str!2str\" width=\"800\" height=\"400\" frameborder=\"0\" style=\"border:0;\" allowfullscreen=\"\" aria-hidden=\"false\" tabindex=\"0\"><\/iframe>\n&nbsp\n&nbsp\n\n\n<\/div><\/div><div id=\"panel-124-0-1-1\" class=\"so-panel widget widget_text panel-last-child\" data-index=\"3\" ><h3 class=\"widget-title\">Mesaj G\u00f6nder<\/h3>\t\t\t<div class=\"textwidget\"><div class=\"everest-forms\"><div class=\"evf-container default\" id=\"evf-249\"><form id=\"evf-form-249\" class=\"everest-form\" data-formid=\"249\" data-ajax_submission=\"0\" method=\"post\" enctype=\"multipart\/form-data\" action=\"\/index.php?rest_route=%2Fwp%2Fv2%2Fpages%2F124\"><div class=\"evf-field-container\"><input type=\"hidden\" id=\"_wpnonce\" name=\"_wpnonce\" value=\"30f29175c7\" \/><input type=\"hidden\" name=\"_wp_http_referer\" value=\"\/index.php?rest_route=%2Fwp%2Fv2%2Fpages%2F124\" \/><div class=\"evf-frontend-row\" data-row=\"row_1\"><div class=\"evf-frontend-grid evf-grid-1\" data-grid=\"grid_1\"><div id=\"evf-249-field_name-container\" class=\"evf-field evf-field-text form-row validate-required\" data-required-field-message=\"This field is required.\" data-field-id=\"name\"><label class=\"evf-field-label\" for=\"evf-249-field_name\"><span class=\"evf-label\">Ad\u0131n\u0131z<\/span> <abbr class=\"required\" title=\"Required\">*<\/abbr><\/label><input type=\"text\" id=\"evf-249-field_name\" class=\"input-text\" name=\"everest_forms[form_fields][name]\" required><\/div><div id=\"evf-249-field_email-container\" class=\"evf-field evf-field-email form-row validate-required validate-email\" data-required-field-message=\"Please enter a valid email address.\" data-field-id=\"email\"><label class=\"evf-field-label\" for=\"evf-249-field_email\"><span class=\"evf-label\">Email<\/span> <abbr class=\"required\" title=\"Required\">*<\/abbr><\/label><input type=\"email\" id=\"evf-249-field_email\" class=\"input-text\" name=\"everest_forms[form_fields][email]\" required><\/div><div id=\"evf-249-field_subject-container\" class=\"evf-field evf-field-text form-row validate-required\" data-required-field-message=\"This field is required.\" data-field-id=\"subject\"><label class=\"evf-field-label\" for=\"evf-249-field_subject\"><span class=\"evf-label\">Ba\u015fl\u0131k<\/span> <abbr class=\"required\" title=\"Required\">*<\/abbr><\/label><input type=\"text\" id=\"evf-249-field_subject\" class=\"input-text\" name=\"everest_forms[form_fields][subject]\" required><\/div><div id=\"evf-249-field_message-container\" class=\"evf-field evf-field-textarea form-row\" data-field-id=\"message\"><label class=\"evf-field-label\" for=\"evf-249-field_message\"><span class=\"evf-label\">Mesaj\u0131n\u0131z<\/span> <\/label><textarea id=\"evf-249-field_message\" class=\"input-text\" name=\"everest_forms[form_fields][message]\" ><\/textarea><\/div><\/div><\/div><\/div><div class=\"evf-honeypot-container evf-field-hp\"><label for=\"evf-249-field-hp\" class=\"evf-field-label\">Website<\/label><input type=\"text\" name=\"everest_forms[hp]\" id=\"evf-249-field-hp\" class=\"input-text\"><\/div><div class=\"evf-submit-container \" ><input type=\"hidden\" name=\"everest_forms[id]\" value=\"249\"><input type=\"hidden\" name=\"everest_forms[author]\" value=\"1\"><button type='submit' name='everest_forms[submit]' class='everest-forms-submit-button button evf-submit ' id='evf-submit-249' value='evf-submit' data-process-text=\"Processing\u2026\" conditional_rules='\"\"' conditional_id='evf-submit-249' >Submit<\/button><\/div><\/form><\/div><!-- .evf-container --><\/div>\n<\/div>\n\t\t<\/div><\/div><\/div><\/div>","protected":false},"excerpt":{"rendered":"<p>Telefon 0(538) 558 35 99 E-mail info@cyd.com.tr &#038;nbsp &#038;nbsp Mesaj G\u00f6nder Ad\u0131n\u0131z *Email *Ba\u015fl\u0131k *Mesaj\u0131n\u0131z PhoneSubmit<\/p>\n","protected":false},"author":1,"featured_media":0,"parent":0,"menu_order":0,"comment_status":"closed","ping_status":"closed","template":"page-templates\/full-width.php","meta":[],"_links":{"self":[{"href":"https:\/\/cyd.com.tr\/index.php?rest_route=\/wp\/v2\/pages\/124"}],"collection":[{"href":"https:\/\/cyd.com.tr\/index.php?rest_route=\/wp\/v2\/pages"}],"about":[{"href":"https:\/\/cyd.com.tr\/index.php?rest_route=\/wp\/v2\/types\/page"}],"author":[{"embeddable":true,"href":"https:\/\/cyd.com.tr\/index.php?rest_route=\/wp\/v2\/users\/1"}],"replies":[{"embeddable":true,"href":"https:\/\/cyd.com.tr\/index.php?rest_route=%2Fwp%2Fv2%2Fcomments&post=124"}],"version-history":[{"count":18,"href":"https:\/\/cyd.com.tr\/index.php?rest_route=\/wp\/v2\/pages\/124\/revisions"}],"predecessor-version":[{"id":401,"href":"https:\/\/cyd.com.tr\/index.php?rest_route=\/wp\/v2\/pages\/124\/revisions\/401"}],"wp:attachment":[{"href":"https:\/\/cyd.com.tr\/index.php?rest_route=%2Fwp%2Fv2%2Fmedia&parent=124"}],"curies":[{"name":"wp","href":"https:\/\/api.w.org\/{rel}","templated":true}]}}